{"id":6412,"date":"2022-04-24T15:27:17","date_gmt":"2022-04-24T21:27:17","guid":{"rendered":"https:\/\/www.tocutentcamp.com\/about-us\/"},"modified":"2025-11-19T14:40:14","modified_gmt":"2025-11-19T20:40:14","slug":"sobre-nosotros","status":"publish","type":"page","link":"https:\/\/www.tocutentcamp.com\/es\/sobre-nosotros\/","title":{"rendered":"Sobre Nosotros"},"content":{"rendered":"\t\t<div data-elementor-type=\"wp-page\" data-elementor-id=\"6412\" class=\"elementor elementor-6412 elementor-2960\" data-elementor-post-type=\"page\">\n\t\t\t\t\t\t<section class=\"elementor-section elementor-top-section elementor-element elementor-element-37f9e817 elementor-section-stretched elementor-section-height-min-height elementor-section-boxed elementor-section-height-default elementor-section-items-middle\" data-id=\"37f9e817\" data-element_type=\"section\" data-settings=\"{&quot;stretch_section&quot;:&quot;section-stretched&quot;,&quot;background_background&quot;:&quot;classic&quot;}\">\n\t\t\t\t\t\t\t<div class=\"elementor-background-overlay\"><\/div>\n\t\t\t\t\t\t\t<div class=\"elementor-container elementor-column-gap-default\">\n\t\t\t\t\t<div class=\"elementor-column elementor-col-100 elementor-top-column elementor-element elementor-element-31c632b2\" data-id=\"31c632b2\" data-element_type=\"column\">\n\t\t\t<div class=\"elementor-widget-wrap elementor-element-populated\">\n\t\t\t\t\t\t<div class=\"elementor-element elementor-element-69e803cb elementor-widget elementor-widget-heading\" data-id=\"69e803cb\" data-element_type=\"widget\" data-widget_type=\"heading.default\">\n\t\t\t\t<div class=\"elementor-widget-container\">\n\t\t\t\t\t<h1 class=\"elementor-heading-title elementor-size-xxl\">Sobre Nosotros<\/h1>\t\t\t\t<\/div>\n\t\t\t\t<\/div>\n\t\t\t\t\t<\/div>\n\t\t<\/div>\n\t\t\t\t\t<\/div>\n\t\t<\/section>\n\t\t\t\t<section class=\"elementor-section elementor-top-section elementor-element elementor-element-5b555105 elementor-section-content-middle elementor-section-boxed elementor-section-height-default elementor-section-height-default\" data-id=\"5b555105\" data-element_type=\"section\">\n\t\t\t\t\t\t<div class=\"elementor-container elementor-column-gap-default\">\n\t\t\t\t\t<div class=\"elementor-column elementor-col-50 elementor-top-column elementor-element elementor-element-7a987c98\" data-id=\"7a987c98\" data-element_type=\"column\">\n\t\t\t<div class=\"elementor-widget-wrap elementor-element-populated\">\n\t\t\t\t\t\t<div class=\"elementor-element elementor-element-c6e58d7 elementor-widget elementor-widget-text-editor\" data-id=\"c6e58d7\" data-element_type=\"widget\" data-widget_type=\"text-editor.default\">\n\t\t\t\t<div class=\"elementor-widget-container\">\n\t\t\t\t\t\t\t\t\t<p>Manteniendo el encanto&#8230;<\/p>\t\t\t\t\t\t\t\t<\/div>\n\t\t\t\t<\/div>\n\t\t\t\t<div class=\"elementor-element elementor-element-3b27b1b elementor-widget elementor-widget-heading\" data-id=\"3b27b1b\" data-element_type=\"widget\" data-widget_type=\"heading.default\">\n\t\t\t\t<div class=\"elementor-widget-container\">\n\t\t\t\t\t<h2 class=\"elementor-heading-title elementor-size-default\">Nuestra Historia<\/h2>\t\t\t\t<\/div>\n\t\t\t\t<\/div>\n\t\t\t\t<div class=\"elementor-element elementor-element-ad5fd5c elementor-widget elementor-widget-text-editor\" data-id=\"ad5fd5c\" data-element_type=\"widget\" data-widget_type=\"text-editor.default\">\n\t\t\t\t<div class=\"elementor-widget-container\">\n\t\t\t\t\t\t\t\t\t<p>Toc\u00fb Tent Camp es una joya de Hamilton Leisure, ubicada dentro de la Hacienda Ca\u00f1o Negro Natural. Esta propiedad de lujo no solo ofrece alojamiento excepcional, sino que tambi\u00e9n permite a los hu\u00e9spedes explorar uno de los entornos m\u00e1s pr\u00edstinos de Costa Rica. Con acceso exclusivo a los senderos privados de la Hacienda, los visitantes pueden experimentar la biodiversidad y la serenidad de un bosque privado, as\u00ed como descubrir pr\u00e1cticas agr\u00edcolas y ganaderas sostenibles que son parte integral de la vida en la Hacienda.<\/p><p>Cada rinc\u00f3n de Toc\u00fb Tent Camp est\u00e1 cuidadosamente dise\u00f1ado para reflejar el compromiso de Hamilton Leisure con la sostenibilidad y la excelencia. Desde tiendas de campa\u00f1a de lujo que se integran a la perfecci\u00f3n con el entorno natural hasta espacios comunes como Kura y Kapi, todo en Toc\u00fb Tent Camp cuenta la historia de un lugar donde el lujo y la naturaleza coexisten en perfecta armon\u00eda.<\/p><p>Como parte de la familia Hamilton Leisure, Toc\u00fb Tent Camp no es solo un destino; es una declaraci\u00f3n de lo que significa el verdadero lujo sostenible. Nos esforzamos por ofrecer una experiencia que no solo cumpla con las expectativas m\u00e1s altas, sino que tambi\u00e9n inspire a nuestros hu\u00e9spedes a valorar y proteger el mundo natural.<\/p>\t\t\t\t\t\t\t\t<\/div>\n\t\t\t\t<\/div>\n\t\t\t\t\t<\/div>\n\t\t<\/div>\n\t\t\t\t<div class=\"elementor-column elementor-col-50 elementor-top-column elementor-element elementor-element-8a94c79\" data-id=\"8a94c79\" data-element_type=\"column\">\n\t\t\t<div class=\"elementor-widget-wrap elementor-element-populated\">\n\t\t\t\t\t\t<div class=\"elementor-element elementor-element-b5a2460 elementor-widget elementor-widget-image\" data-id=\"b5a2460\" data-element_type=\"widget\" data-widget_type=\"image.default\">\n\t\t\t\t<div class=\"elementor-widget-container\">\n\t\t\t\t\t\t\t\t\t\t\t\t\t\t\t<img fetchpriority=\"high\" decoding=\"async\" width=\"1080\" height=\"1080\" src=\"https:\/\/www.tocutentcamp.com\/wp-content\/uploads\/2025\/11\/Bio-Pool-Area7-1.jpg\" class=\"attachment-full size-full wp-image-7327\" alt=\"\" srcset=\"https:\/\/www.tocutentcamp.com\/wp-content\/uploads\/2025\/11\/Bio-Pool-Area7-1.jpg 1080w, https:\/\/www.tocutentcamp.com\/wp-content\/uploads\/2025\/11\/Bio-Pool-Area7-1-300x300.jpg 300w, https:\/\/www.tocutentcamp.com\/wp-content\/uploads\/2025\/11\/Bio-Pool-Area7-1-1024x1024.jpg 1024w, https:\/\/www.tocutentcamp.com\/wp-content\/uploads\/2025\/11\/Bio-Pool-Area7-1-150x150.jpg 150w, https:\/\/www.tocutentcamp.com\/wp-content\/uploads\/2025\/11\/Bio-Pool-Area7-1-768x768.jpg 768w, https:\/\/www.tocutentcamp.com\/wp-content\/uploads\/2025\/11\/Bio-Pool-Area7-1-500x500.jpg 500w\" sizes=\"(max-width: 1080px) 100vw, 1080px\" \/>\t\t\t\t\t\t\t\t\t\t\t\t\t\t\t<\/div>\n\t\t\t\t<\/div>\n\t\t\t\t\t<\/div>\n\t\t<\/div>\n\t\t\t\t\t<\/div>\n\t\t<\/section>\n\t\t\t\t<section class=\"elementor-section elementor-top-section elementor-element elementor-element-ef1d2be elementor-section-boxed elementor-section-height-default elementor-section-height-default\" data-id=\"ef1d2be\" data-element_type=\"section\">\n\t\t\t\t\t\t<div class=\"elementor-container elementor-column-gap-default\">\n\t\t\t\t\t<div class=\"elementor-column elementor-col-50 elementor-top-column elementor-element elementor-element-9c4f032\" data-id=\"9c4f032\" data-element_type=\"column\">\n\t\t\t<div class=\"elementor-widget-wrap elementor-element-populated\">\n\t\t\t\t\t\t<div class=\"elementor-element elementor-element-ac13a1c elementor-widget elementor-widget-heading\" data-id=\"ac13a1c\" data-element_type=\"widget\" data-widget_type=\"heading.default\">\n\t\t\t\t<div class=\"elementor-widget-container\">\n\t\t\t\t\t<h2 class=\"elementor-heading-title elementor-size-default\">Nuestra ubicaci\u00f3n en el Mapa<\/h2>\t\t\t\t<\/div>\n\t\t\t\t<\/div>\n\t\t\t\t<div class=\"elementor-element elementor-element-27b6f95 elementor-widget elementor-widget-html\" data-id=\"27b6f95\" data-element_type=\"widget\" data-widget_type=\"html.default\">\n\t\t\t\t<div class=\"elementor-widget-container\">\n\t\t\t\t\t<iframe src=\"https:\/\/www.google.com\/maps\/embed?pb=!1m18!1m12!1m3!1d62684.16333340806!2d-84.75550202450516!3d10.905819763597329!2m3!1f0!2f0!3f0!3m2!1i1024!2i768!4f13.1!3m3!1m2!1s0x8f0ab7ca5c5c6a83%3A0x2a01f29feba2d2a!2sHacienda%20Ca%C3%B1o%20Negro%20Wildlife%20Sanctuary!5e0!3m2!1ses!2ssv!4v1730762478386!5m2!1ses!2ssv\" width=\"600\" height=\"450\" style=\"border:0;\" allowfullscreen=\"\" loading=\"lazy\" referrerpolicy=\"no-referrer-when-downgrade\"><\/iframe>\t\t\t\t<\/div>\n\t\t\t\t<\/div>\n\t\t\t\t\t<\/div>\n\t\t<\/div>\n\t\t\t\t<div class=\"elementor-column elementor-col-50 elementor-top-column elementor-element elementor-element-78f674c\" data-id=\"78f674c\" data-element_type=\"column\">\n\t\t\t<div class=\"elementor-widget-wrap elementor-element-populated\">\n\t\t\t\t\t\t<div class=\"elementor-element elementor-element-047cfeb elementor-widget elementor-widget-heading\" data-id=\"047cfeb\" data-element_type=\"widget\" data-widget_type=\"heading.default\">\n\t\t\t\t<div class=\"elementor-widget-container\">\n\t\t\t\t\t<h2 class=\"elementor-heading-title elementor-size-default\">Ruta desde el aeropuerto de Guanacaste<\/h2>\t\t\t\t<\/div>\n\t\t\t\t<\/div>\n\t\t\t\t<div class=\"elementor-element elementor-element-f68ef86 elementor-widget elementor-widget-html\" data-id=\"f68ef86\" data-element_type=\"widget\" data-widget_type=\"html.default\">\n\t\t\t\t<div class=\"elementor-widget-container\">\n\t\t\t\t\t<iframe src=\"https:\/\/www.google.com\/maps\/embed?pb=!1m28!1m12!1m3!1d250927.3614232282!2d-85.33855553982715!3d10.677276390597243!2m3!1f0!2f0!3f0!3m2!1i1024!2i768!4f13.1!4m13!3e6!4m5!1s0x8f757e23ec259441%3A0x46eed7655eeaa1ac!2sGuanacaste%20Airport%20(LIR)%2C%20S%2FN%2C%20Boulevard%20Aeropuerto%2C%20Provincia%20de%20Guanacaste%2C%20Liberia%2C%20Costa%20Rica!3m2!1d10.6009852!2d-85.5359972!4m5!1s0x8f0ab7ca5c5c6a83%3A0x2a01f29feba2d2a!2sHacienda%20Ca%C3%B1o%20Negro%20Wildlife%20Sanctuary%20V6Q8%2BG95%20Provincia%20de%20Alajuela%2C%20Ca%C3%B1o%20Negro%20Costa%20Rica!3m2!1d10.888762999999999!2d-84.78403!5e0!3m2!1ses!2ssv!4v1730762783402!5m2!1ses!2ssv\" width=\"600\" height=\"450\" style=\"border:0;\" allowfullscreen=\"\" loading=\"lazy\" referrerpolicy=\"no-referrer-when-downgrade\"><\/iframe>\t\t\t\t<\/div>\n\t\t\t\t<\/div>\n\t\t\t\t\t<\/div>\n\t\t<\/div>\n\t\t\t\t\t<\/div>\n\t\t<\/section>\n\t\t\t\t<\/div>\n\t\t","protected":false},"excerpt":{"rendered":"<p>Sobre Nosotros Manteniendo el encanto&#8230; Nuestra Historia Toc\u00fb Tent Camp es una joya de Hamilton Leisure, ubicada dentro de la Hacienda Ca\u00f1o Negro Natural. Esta propiedad de lujo no solo ofrece alojamiento excepcional, sino que tambi\u00e9n permite a los hu\u00e9spedes explorar uno de los entornos m\u00e1s pr\u00edstinos de Costa Rica. Con acceso exclusivo a los [&hellip;]<\/p>\n","protected":false},"author":1,"featured_media":0,"parent":0,"menu_order":0,"comment_status":"closed","ping_status":"closed","template":"elementor_header_footer","meta":{"_acf_changed":false,"_joinchat":[],"footnotes":""},"categories":[],"tags":[],"class_list":["post-6412","page","type-page","status-publish","hentry"],"acf":[],"_links":{"self":[{"href":"https:\/\/www.tocutentcamp.com\/es\/wp-json\/wp\/v2\/pages\/6412","targetHints":{"allow":["GET"]}}],"collection":[{"href":"https:\/\/www.tocutentcamp.com\/es\/wp-json\/wp\/v2\/pages"}],"about":[{"href":"https:\/\/www.tocutentcamp.com\/es\/wp-json\/wp\/v2\/types\/page"}],"author":[{"embeddable":true,"href":"https:\/\/www.tocutentcamp.com\/es\/wp-json\/wp\/v2\/users\/1"}],"replies":[{"embeddable":true,"href":"https:\/\/www.tocutentcamp.com\/es\/wp-json\/wp\/v2\/comments?post=6412"}],"version-history":[{"count":23,"href":"https:\/\/www.tocutentcamp.com\/es\/wp-json\/wp\/v2\/pages\/6412\/revisions"}],"predecessor-version":[{"id":7608,"href":"https:\/\/www.tocutentcamp.com\/es\/wp-json\/wp\/v2\/pages\/6412\/revisions\/7608"}],"wp:attachment":[{"href":"https:\/\/www.tocutentcamp.com\/es\/wp-json\/wp\/v2\/media?parent=6412"}],"wp:term":[{"taxonomy":"category","embeddable":true,"href":"https:\/\/www.tocutentcamp.com\/es\/wp-json\/wp\/v2\/categories?post=6412"},{"taxonomy":"post_tag","embeddable":true,"href":"https:\/\/www.tocutentcamp.com\/es\/wp-json\/wp\/v2\/tags?post=6412"}],"curies":[{"name":"wp","href":"https:\/\/api.w.org\/{rel}","templated":true}]}}