{"id":6484,"date":"2022-05-02T22:49:52","date_gmt":"2022-05-03T04:49:52","guid":{"rendered":"https:\/\/www.tocutentcamp.com\/restaurant\/"},"modified":"2025-11-19T14:42:52","modified_gmt":"2025-11-19T20:42:52","slug":"restaurante","status":"publish","type":"page","link":"https:\/\/www.tocutentcamp.com\/es\/restaurante\/","title":{"rendered":"Restaurante"},"content":{"rendered":"\t\t<div data-elementor-type=\"wp-page\" data-elementor-id=\"6484\" class=\"elementor elementor-6484 elementor-3136\" data-elementor-post-type=\"page\">\n\t\t\t\t\t\t<section class=\"elementor-section elementor-top-section elementor-element elementor-element-6ecf3e86 elementor-section-stretched elementor-section-height-min-height elementor-section-boxed elementor-section-height-default elementor-section-items-middle\" data-id=\"6ecf3e86\" data-element_type=\"section\" data-settings=\"{&quot;stretch_section&quot;:&quot;section-stretched&quot;,&quot;background_background&quot;:&quot;classic&quot;}\">\n\t\t\t\t\t\t\t<div class=\"elementor-background-overlay\"><\/div>\n\t\t\t\t\t\t\t<div class=\"elementor-container elementor-column-gap-default\">\n\t\t\t\t\t<div class=\"elementor-column elementor-col-100 elementor-top-column elementor-element elementor-element-e468cea\" data-id=\"e468cea\" data-element_type=\"column\">\n\t\t\t<div class=\"elementor-widget-wrap elementor-element-populated\">\n\t\t\t\t\t\t<div class=\"elementor-element elementor-element-45285d2b elementor-widget elementor-widget-heading\" data-id=\"45285d2b\" data-element_type=\"widget\" data-widget_type=\"heading.default\">\n\t\t\t\t<div class=\"elementor-widget-container\">\n\t\t\t\t\t<h1 class=\"elementor-heading-title elementor-size-xxl\">Restaurante<\/h1>\t\t\t\t<\/div>\n\t\t\t\t<\/div>\n\t\t\t\t\t<\/div>\n\t\t<\/div>\n\t\t\t\t\t<\/div>\n\t\t<\/section>\n\t\t\t\t<section class=\"elementor-section elementor-top-section elementor-element elementor-element-7ae3e8d8 elementor-section-boxed elementor-section-height-default elementor-section-height-default\" data-id=\"7ae3e8d8\" data-element_type=\"section\">\n\t\t\t\t\t\t<div class=\"elementor-container elementor-column-gap-default\">\n\t\t\t\t\t<div class=\"elementor-column elementor-col-50 elementor-top-column elementor-element elementor-element-2bcdb329\" data-id=\"2bcdb329\" data-element_type=\"column\">\n\t\t\t<div class=\"elementor-widget-wrap elementor-element-populated\">\n\t\t\t\t\t\t<div class=\"elementor-element elementor-element-2c8a4465 elementor--h-position-center elementor--v-position-middle elementor-arrows-position-inside elementor-pagination-position-inside elementor-widget elementor-widget-slides\" data-id=\"2c8a4465\" data-element_type=\"widget\" data-settings=\"{&quot;navigation&quot;:&quot;both&quot;,&quot;autoplay&quot;:&quot;yes&quot;,&quot;pause_on_hover&quot;:&quot;yes&quot;,&quot;pause_on_interaction&quot;:&quot;yes&quot;,&quot;autoplay_speed&quot;:5000,&quot;infinite&quot;:&quot;yes&quot;,&quot;transition&quot;:&quot;slide&quot;,&quot;transition_speed&quot;:500}\" data-widget_type=\"slides.default\">\n\t\t\t\t<div class=\"elementor-widget-container\">\n\t\t\t\t\t\t\t\t\t<div class=\"elementor-swiper\">\n\t\t\t\t\t<div class=\"elementor-slides-wrapper elementor-main-swiper swiper\" role=\"region\" aria-roledescription=\"carousel\" aria-label=\"Slides\" dir=\"ltr\" data-animation=\"fadeInUp\">\n\t\t\t\t<div class=\"swiper-wrapper elementor-slides\">\n\t\t\t\t\t\t\t\t\t\t<div class=\"elementor-repeater-item-d71f910 swiper-slide\" role=\"group\" aria-roledescription=\"slide\"><div class=\"swiper-slide-bg\" role=\"img\"><\/div><div class=\"swiper-slide-inner\" ><div class=\"swiper-slide-contents\"><\/div><\/div><\/div>\t\t\t\t<\/div>\n\t\t\t\t\t\t\t<\/div>\n\t\t\t\t<\/div>\n\t\t\t\t\t\t\t\t<\/div>\n\t\t\t\t<\/div>\n\t\t\t\t\t<\/div>\n\t\t<\/div>\n\t\t\t\t<div class=\"elementor-column elementor-col-50 elementor-top-column elementor-element elementor-element-3130201d\" data-id=\"3130201d\" data-element_type=\"column\">\n\t\t\t<div class=\"elementor-widget-wrap elementor-element-populated\">\n\t\t\t\t\t\t<div class=\"elementor-element elementor-element-b11f186 elementor-widget elementor-widget-heading\" data-id=\"b11f186\" data-element_type=\"widget\" data-widget_type=\"heading.default\">\n\t\t\t\t<div class=\"elementor-widget-container\">\n\t\t\t\t\t<h1 class=\"elementor-heading-title elementor-size-default\">Restaurante Kura Wetlands<\/h1>\t\t\t\t<\/div>\n\t\t\t\t<\/div>\n\t\t\t\t<div class=\"elementor-element elementor-element-7d3627dc elementor-widget elementor-widget-text-editor\" data-id=\"7d3627dc\" data-element_type=\"widget\" data-widget_type=\"text-editor.default\">\n\t\t\t\t<div class=\"elementor-widget-container\">\n\t\t\t\t\t\t\t\t\t<p>El restaurante Kura Wetlands en Toc\u00fb Tent Camp es una verdadera celebraci\u00f3n de la cocina costarricense, con un enfoque en ingredientes locales frescos que se seleccionan cuidadosamente para resaltar los sabores aut\u00e9nticos de la regi\u00f3n. Dise\u00f1ado con materiales naturales que reflejan la riqueza del entorno de Hacienda Ca\u00f1o Negro, Kura ofrece un ambiente acogedor y sofisticado. La experiencia gastron\u00f3mica se ve reforzada por las vistas panor\u00e1micas de los humedales, lo que permite a los comensales disfrutar de la belleza natural mientras saborean platos que combinan tradici\u00f3n y modernidad. Cada comida en Kura es una experiencia sensorial completa, desde el aroma de las especias locales hasta el crujido de los productos frescos que se sirven.<\/p>\t\t\t\t\t\t\t\t<\/div>\n\t\t\t\t<\/div>\n\t\t\t\t<div class=\"elementor-element elementor-element-3e4e012 elementor-align-left elementor-hidden-desktop elementor-hidden-tablet elementor-hidden-mobile elementor-widget elementor-widget-button\" data-id=\"3e4e012\" data-element_type=\"widget\" data-widget_type=\"button.default\">\n\t\t\t\t<div class=\"elementor-widget-container\">\n\t\t\t\t\t\t\t\t\t<div class=\"elementor-button-wrapper\">\n\t\t\t\t\t<a class=\"elementor-button elementor-button-link elementor-size-sm\" href=\"#\">\n\t\t\t\t\t\t<span class=\"elementor-button-content-wrapper\">\n\t\t\t\t\t\t\t\t\t<span class=\"elementor-button-text\">Ver Men\u00fa<\/span>\n\t\t\t\t\t<\/span>\n\t\t\t\t\t<\/a>\n\t\t\t\t<\/div>\n\t\t\t\t\t\t\t\t<\/div>\n\t\t\t\t<\/div>\n\t\t\t\t\t<\/div>\n\t\t<\/div>\n\t\t\t\t\t<\/div>\n\t\t<\/section>\n\t\t\t\t<section class=\"elementor-section elementor-top-section elementor-element elementor-element-8c3d446 elementor-section-boxed elementor-section-height-default elementor-section-height-default\" data-id=\"8c3d446\" data-element_type=\"section\">\n\t\t\t\t\t\t<div class=\"elementor-container elementor-column-gap-default\">\n\t\t\t\t\t<div class=\"elementor-column elementor-col-100 elementor-top-column elementor-element elementor-element-e7d27a0\" data-id=\"e7d27a0\" data-element_type=\"column\">\n\t\t\t<div class=\"elementor-widget-wrap elementor-element-populated\">\n\t\t\t\t\t\t<div class=\"elementor-element elementor-element-ae22bb8 elementor-widget elementor-widget-gallery\" data-id=\"ae22bb8\" data-element_type=\"widget\" data-settings=\"{&quot;gap&quot;:{&quot;unit&quot;:&quot;px&quot;,&quot;size&quot;:1,&quot;sizes&quot;:[]},&quot;columns_tablet&quot;:5,&quot;columns_mobile&quot;:2,&quot;columns&quot;:3,&quot;lazyload&quot;:&quot;yes&quot;,&quot;gallery_layout&quot;:&quot;grid&quot;,&quot;gap_tablet&quot;:{&quot;unit&quot;:&quot;px&quot;,&quot;size&quot;:10,&quot;sizes&quot;:[]},&quot;gap_mobile&quot;:{&quot;unit&quot;:&quot;px&quot;,&quot;size&quot;:10,&quot;sizes&quot;:[]},&quot;link_to&quot;:&quot;file&quot;,&quot;aspect_ratio&quot;:&quot;3:2&quot;,&quot;overlay_background&quot;:&quot;yes&quot;,&quot;content_hover_animation&quot;:&quot;fade-in&quot;}\" data-widget_type=\"gallery.default\">\n\t\t\t\t<div class=\"elementor-widget-container\">\n\t\t\t\t\t\t\t<div class=\"elementor-gallery__container\">\n\t\t\t\t\t\t\t<a class=\"e-gallery-item elementor-gallery-item elementor-animated-content\" href=\"https:\/\/www.tocutentcamp.com\/wp-content\/uploads\/2025\/11\/Copia-de-tocu-tent-camp-web_46.jpg\" data-elementor-open-lightbox=\"yes\" data-elementor-lightbox-slideshow=\"ae22bb8\" data-elementor-lightbox-title=\"Copia de tocu-tent-camp-web_46\" data-e-action-hash=\"#elementor-action%3Aaction%3Dlightbox%26settings%3DeyJpZCI6NzM0NiwidXJsIjoiaHR0cHM6XC9cL3d3dy50b2N1dGVudGNhbXAuY29tXC93cC1jb250ZW50XC91cGxvYWRzXC8yMDI1XC8xMVwvQ29waWEtZGUtdG9jdS10ZW50LWNhbXAtd2ViXzQ2LmpwZyIsInNsaWRlc2hvdyI6ImFlMjJiYjgifQ%3D%3D\">\n\t\t\t\t\t<div class=\"e-gallery-image elementor-gallery-item__image\" data-thumbnail=\"https:\/\/www.tocutentcamp.com\/wp-content\/uploads\/2025\/11\/Copia-de-tocu-tent-camp-web_46.jpg\" data-width=\"1920\" data-height=\"1080\" aria-label=\"\" role=\"img\" ><\/div>\n\t\t\t\t\t\t\t\t\t\t\t<div class=\"elementor-gallery-item__overlay\"><\/div>\n\t\t\t\t\t\t\t\t\t\t\t\t\t\t<\/a>\n\t\t\t\t\t\t\t<a class=\"e-gallery-item elementor-gallery-item elementor-animated-content\" href=\"https:\/\/www.tocutentcamp.com\/wp-content\/uploads\/2025\/11\/Croquetas-de-yuca.jpg\" data-elementor-open-lightbox=\"yes\" data-elementor-lightbox-slideshow=\"ae22bb8\" data-elementor-lightbox-title=\"Croquetas de yuca\" data-e-action-hash=\"#elementor-action%3Aaction%3Dlightbox%26settings%3DeyJpZCI6NzM0OCwidXJsIjoiaHR0cHM6XC9cL3d3dy50b2N1dGVudGNhbXAuY29tXC93cC1jb250ZW50XC91cGxvYWRzXC8yMDI1XC8xMVwvQ3JvcXVldGFzLWRlLXl1Y2EuanBnIiwic2xpZGVzaG93IjoiYWUyMmJiOCJ9\">\n\t\t\t\t\t<div class=\"e-gallery-image elementor-gallery-item__image\" data-thumbnail=\"https:\/\/www.tocutentcamp.com\/wp-content\/uploads\/2025\/11\/Croquetas-de-yuca.jpg\" data-width=\"1920\" data-height=\"1337\" aria-label=\"\" role=\"img\" ><\/div>\n\t\t\t\t\t\t\t\t\t\t\t<div class=\"elementor-gallery-item__overlay\"><\/div>\n\t\t\t\t\t\t\t\t\t\t\t\t\t\t<\/a>\n\t\t\t\t\t\t\t<a class=\"e-gallery-item elementor-gallery-item elementor-animated-content\" href=\"https:\/\/www.tocutentcamp.com\/wp-content\/uploads\/2025\/11\/ensalada-gourmet-con-flores-comestibles.jpg\" data-elementor-open-lightbox=\"yes\" data-elementor-lightbox-slideshow=\"ae22bb8\" data-elementor-lightbox-title=\"ensalada gourmet con flores comestibles\" data-e-action-hash=\"#elementor-action%3Aaction%3Dlightbox%26settings%3DeyJpZCI6NzM1MCwidXJsIjoiaHR0cHM6XC9cL3d3dy50b2N1dGVudGNhbXAuY29tXC93cC1jb250ZW50XC91cGxvYWRzXC8yMDI1XC8xMVwvZW5zYWxhZGEtZ291cm1ldC1jb24tZmxvcmVzLWNvbWVzdGlibGVzLmpwZyIsInNsaWRlc2hvdyI6ImFlMjJiYjgifQ%3D%3D\">\n\t\t\t\t\t<div class=\"e-gallery-image elementor-gallery-item__image\" data-thumbnail=\"https:\/\/www.tocutentcamp.com\/wp-content\/uploads\/2025\/11\/ensalada-gourmet-con-flores-comestibles.jpg\" data-width=\"1920\" data-height=\"1080\" aria-label=\"\" role=\"img\" ><\/div>\n\t\t\t\t\t\t\t\t\t\t\t<div class=\"elementor-gallery-item__overlay\"><\/div>\n\t\t\t\t\t\t\t\t\t\t\t\t\t\t<\/a>\n\t\t\t\t\t\t\t<a class=\"e-gallery-item elementor-gallery-item elementor-animated-content\" href=\"https:\/\/www.tocutentcamp.com\/wp-content\/uploads\/2025\/11\/Entrada-Restaurante-.jpg\" data-elementor-open-lightbox=\"yes\" data-elementor-lightbox-slideshow=\"ae22bb8\" data-elementor-lightbox-title=\"Entrada Restaurante\" data-e-action-hash=\"#elementor-action%3Aaction%3Dlightbox%26settings%3DeyJpZCI6NzM1MiwidXJsIjoiaHR0cHM6XC9cL3d3dy50b2N1dGVudGNhbXAuY29tXC93cC1jb250ZW50XC91cGxvYWRzXC8yMDI1XC8xMVwvRW50cmFkYS1SZXN0YXVyYW50ZS0uanBnIiwic2xpZGVzaG93IjoiYWUyMmJiOCJ9\">\n\t\t\t\t\t<div class=\"e-gallery-image elementor-gallery-item__image\" data-thumbnail=\"https:\/\/www.tocutentcamp.com\/wp-content\/uploads\/2025\/11\/Entrada-Restaurante-.jpg\" data-width=\"1920\" data-height=\"1080\" aria-label=\"\" role=\"img\" ><\/div>\n\t\t\t\t\t\t\t\t\t\t\t<div class=\"elementor-gallery-item__overlay\"><\/div>\n\t\t\t\t\t\t\t\t\t\t\t\t\t\t<\/a>\n\t\t\t\t\t\t\t<a class=\"e-gallery-item elementor-gallery-item elementor-animated-content\" href=\"https:\/\/www.tocutentcamp.com\/wp-content\/uploads\/2025\/11\/Foto-de-la-terraza-del-restuarante.jpg\" data-elementor-open-lightbox=\"yes\" data-elementor-lightbox-slideshow=\"ae22bb8\" data-elementor-lightbox-title=\"Foto de la terraza del restuarante\" data-e-action-hash=\"#elementor-action%3Aaction%3Dlightbox%26settings%3DeyJpZCI6NzM1NCwidXJsIjoiaHR0cHM6XC9cL3d3dy50b2N1dGVudGNhbXAuY29tXC93cC1jb250ZW50XC91cGxvYWRzXC8yMDI1XC8xMVwvRm90by1kZS1sYS10ZXJyYXphLWRlbC1yZXN0dWFyYW50ZS5qcGciLCJzbGlkZXNob3ciOiJhZTIyYmI4In0%3D\">\n\t\t\t\t\t<div class=\"e-gallery-image elementor-gallery-item__image\" data-thumbnail=\"https:\/\/www.tocutentcamp.com\/wp-content\/uploads\/2025\/11\/Foto-de-la-terraza-del-restuarante.jpg\" data-width=\"1920\" data-height=\"1080\" aria-label=\"\" role=\"img\" ><\/div>\n\t\t\t\t\t\t\t\t\t\t\t<div class=\"elementor-gallery-item__overlay\"><\/div>\n\t\t\t\t\t\t\t\t\t\t\t\t\t\t<\/a>\n\t\t\t\t\t\t\t<a class=\"e-gallery-item elementor-gallery-item elementor-animated-content\" href=\"https:\/\/www.tocutentcamp.com\/wp-content\/uploads\/2025\/11\/Fotografia-del-desayuno.jpg\" data-elementor-open-lightbox=\"yes\" data-elementor-lightbox-slideshow=\"ae22bb8\" data-elementor-lightbox-title=\"Fotograf\u00eda del desayuno\" data-e-action-hash=\"#elementor-action%3Aaction%3Dlightbox%26settings%3DeyJpZCI6NzM1NiwidXJsIjoiaHR0cHM6XC9cL3d3dy50b2N1dGVudGNhbXAuY29tXC93cC1jb250ZW50XC91cGxvYWRzXC8yMDI1XC8xMVwvRm90b2dyYWZpYS1kZWwtZGVzYXl1bm8uanBnIiwic2xpZGVzaG93IjoiYWUyMmJiOCJ9\">\n\t\t\t\t\t<div class=\"e-gallery-image elementor-gallery-item__image\" data-thumbnail=\"https:\/\/www.tocutentcamp.com\/wp-content\/uploads\/2025\/11\/Fotografia-del-desayuno.jpg\" data-width=\"1920\" data-height=\"1080\" aria-label=\"\" role=\"img\" ><\/div>\n\t\t\t\t\t\t\t\t\t\t\t<div class=\"elementor-gallery-item__overlay\"><\/div>\n\t\t\t\t\t\t\t\t\t\t\t\t\t\t<\/a>\n\t\t\t\t\t\t\t<a class=\"e-gallery-item elementor-gallery-item elementor-animated-content\" href=\"https:\/\/www.tocutentcamp.com\/wp-content\/uploads\/2025\/11\/Gastronomia.jpg\" data-elementor-open-lightbox=\"yes\" data-elementor-lightbox-slideshow=\"ae22bb8\" data-elementor-lightbox-title=\"Gastronom\u00eda\" data-e-action-hash=\"#elementor-action%3Aaction%3Dlightbox%26settings%3DeyJpZCI6NzM1OCwidXJsIjoiaHR0cHM6XC9cL3d3dy50b2N1dGVudGNhbXAuY29tXC93cC1jb250ZW50XC91cGxvYWRzXC8yMDI1XC8xMVwvR2FzdHJvbm9taWEuanBnIiwic2xpZGVzaG93IjoiYWUyMmJiOCJ9\">\n\t\t\t\t\t<div class=\"e-gallery-image elementor-gallery-item__image\" data-thumbnail=\"https:\/\/www.tocutentcamp.com\/wp-content\/uploads\/2025\/11\/Gastronomia.jpg\" data-width=\"1920\" data-height=\"1080\" aria-label=\"\" role=\"img\" ><\/div>\n\t\t\t\t\t\t\t\t\t\t\t<div class=\"elementor-gallery-item__overlay\"><\/div>\n\t\t\t\t\t\t\t\t\t\t\t\t\t\t<\/a>\n\t\t\t\t\t\t\t<a class=\"e-gallery-item elementor-gallery-item elementor-animated-content\" href=\"https:\/\/www.tocutentcamp.com\/wp-content\/uploads\/2025\/11\/Gastronomic-Experience.jpg\" data-elementor-open-lightbox=\"yes\" data-elementor-lightbox-slideshow=\"ae22bb8\" data-elementor-lightbox-title=\"Gastronomic Experience\" data-e-action-hash=\"#elementor-action%3Aaction%3Dlightbox%26settings%3DeyJpZCI6NzM2MCwidXJsIjoiaHR0cHM6XC9cL3d3dy50b2N1dGVudGNhbXAuY29tXC93cC1jb250ZW50XC91cGxvYWRzXC8yMDI1XC8xMVwvR2FzdHJvbm9taWMtRXhwZXJpZW5jZS5qcGciLCJzbGlkZXNob3ciOiJhZTIyYmI4In0%3D\">\n\t\t\t\t\t<div class=\"e-gallery-image elementor-gallery-item__image\" data-thumbnail=\"https:\/\/www.tocutentcamp.com\/wp-content\/uploads\/2025\/11\/Gastronomic-Experience.jpg\" data-width=\"1920\" data-height=\"1080\" aria-label=\"\" role=\"img\" ><\/div>\n\t\t\t\t\t\t\t\t\t\t\t<div class=\"elementor-gallery-item__overlay\"><\/div>\n\t\t\t\t\t\t\t\t\t\t\t\t\t\t<\/a>\n\t\t\t\t\t\t\t<a class=\"e-gallery-item elementor-gallery-item elementor-animated-content\" href=\"https:\/\/www.tocutentcamp.com\/wp-content\/uploads\/2025\/11\/Kura-Wetlands-Restaurant1.jpg\" data-elementor-open-lightbox=\"yes\" data-elementor-lightbox-slideshow=\"ae22bb8\" data-elementor-lightbox-title=\"Kura Wetlands Restaurant(1)\" data-e-action-hash=\"#elementor-action%3Aaction%3Dlightbox%26settings%3DeyJpZCI6NzM2MiwidXJsIjoiaHR0cHM6XC9cL3d3dy50b2N1dGVudGNhbXAuY29tXC93cC1jb250ZW50XC91cGxvYWRzXC8yMDI1XC8xMVwvS3VyYS1XZXRsYW5kcy1SZXN0YXVyYW50MS5qcGciLCJzbGlkZXNob3ciOiJhZTIyYmI4In0%3D\">\n\t\t\t\t\t<div class=\"e-gallery-image elementor-gallery-item__image\" data-thumbnail=\"https:\/\/www.tocutentcamp.com\/wp-content\/uploads\/2025\/11\/Kura-Wetlands-Restaurant1.jpg\" data-width=\"1920\" data-height=\"1091\" aria-label=\"\" role=\"img\" ><\/div>\n\t\t\t\t\t\t\t\t\t\t\t<div class=\"elementor-gallery-item__overlay\"><\/div>\n\t\t\t\t\t\t\t\t\t\t\t\t\t\t<\/a>\n\t\t\t\t\t\t\t<a class=\"e-gallery-item elementor-gallery-item elementor-animated-content\" href=\"https:\/\/www.tocutentcamp.com\/wp-content\/uploads\/2025\/11\/Kura-Wetlands-Restaurant2.jpg\" data-elementor-open-lightbox=\"yes\" data-elementor-lightbox-slideshow=\"ae22bb8\" data-elementor-lightbox-title=\"Kura Wetlands Restaurant(2)\" data-e-action-hash=\"#elementor-action%3Aaction%3Dlightbox%26settings%3DeyJpZCI6NzM2NCwidXJsIjoiaHR0cHM6XC9cL3d3dy50b2N1dGVudGNhbXAuY29tXC93cC1jb250ZW50XC91cGxvYWRzXC8yMDI1XC8xMVwvS3VyYS1XZXRsYW5kcy1SZXN0YXVyYW50Mi5qcGciLCJzbGlkZXNob3ciOiJhZTIyYmI4In0%3D\">\n\t\t\t\t\t<div class=\"e-gallery-image elementor-gallery-item__image\" data-thumbnail=\"https:\/\/www.tocutentcamp.com\/wp-content\/uploads\/2025\/11\/Kura-Wetlands-Restaurant2.jpg\" data-width=\"1920\" data-height=\"1080\" aria-label=\"\" role=\"img\" ><\/div>\n\t\t\t\t\t\t\t\t\t\t\t<div class=\"elementor-gallery-item__overlay\"><\/div>\n\t\t\t\t\t\t\t\t\t\t\t\t\t\t<\/a>\n\t\t\t\t\t\t\t<a class=\"e-gallery-item elementor-gallery-item elementor-animated-content\" href=\"https:\/\/www.tocutentcamp.com\/wp-content\/uploads\/2025\/11\/Kura-Wetlands-Restaurant3.jpg\" data-elementor-open-lightbox=\"yes\" data-elementor-lightbox-slideshow=\"ae22bb8\" data-elementor-lightbox-title=\"Kura Wetlands Restaurant(3)\" data-e-action-hash=\"#elementor-action%3Aaction%3Dlightbox%26settings%3DeyJpZCI6NzM2NiwidXJsIjoiaHR0cHM6XC9cL3d3dy50b2N1dGVudGNhbXAuY29tXC93cC1jb250ZW50XC91cGxvYWRzXC8yMDI1XC8xMVwvS3VyYS1XZXRsYW5kcy1SZXN0YXVyYW50My5qcGciLCJzbGlkZXNob3ciOiJhZTIyYmI4In0%3D\">\n\t\t\t\t\t<div class=\"e-gallery-image elementor-gallery-item__image\" data-thumbnail=\"https:\/\/www.tocutentcamp.com\/wp-content\/uploads\/2025\/11\/Kura-Wetlands-Restaurant3.jpg\" data-width=\"1920\" data-height=\"1080\" aria-label=\"\" role=\"img\" ><\/div>\n\t\t\t\t\t\t\t\t\t\t\t<div class=\"elementor-gallery-item__overlay\"><\/div>\n\t\t\t\t\t\t\t\t\t\t\t\t\t\t<\/a>\n\t\t\t\t\t\t\t<a class=\"e-gallery-item elementor-gallery-item elementor-animated-content\" href=\"https:\/\/www.tocutentcamp.com\/wp-content\/uploads\/2025\/11\/Maforice.jpg\" data-elementor-open-lightbox=\"yes\" data-elementor-lightbox-slideshow=\"ae22bb8\" data-elementor-lightbox-title=\"Maforic\u00e9\" data-e-action-hash=\"#elementor-action%3Aaction%3Dlightbox%26settings%3DeyJpZCI6NzM2OCwidXJsIjoiaHR0cHM6XC9cL3d3dy50b2N1dGVudGNhbXAuY29tXC93cC1jb250ZW50XC91cGxvYWRzXC8yMDI1XC8xMVwvTWFmb3JpY2UuanBnIiwic2xpZGVzaG93IjoiYWUyMmJiOCJ9\">\n\t\t\t\t\t<div class=\"e-gallery-image elementor-gallery-item__image\" data-thumbnail=\"https:\/\/www.tocutentcamp.com\/wp-content\/uploads\/2025\/11\/Maforice.jpg\" data-width=\"1920\" data-height=\"1080\" aria-label=\"\" role=\"img\" ><\/div>\n\t\t\t\t\t\t\t\t\t\t\t<div class=\"elementor-gallery-item__overlay\"><\/div>\n\t\t\t\t\t\t\t\t\t\t\t\t\t\t<\/a>\n\t\t\t\t\t<\/div>\n\t\t\t\t\t<\/div>\n\t\t\t\t<\/div>\n\t\t\t\t\t<\/div>\n\t\t<\/div>\n\t\t\t\t\t<\/div>\n\t\t<\/section>\n\t\t\t\t<\/div>\n\t\t","protected":false},"excerpt":{"rendered":"<p>Restaurante Restaurante Kura Wetlands El restaurante Kura Wetlands en Toc\u00fb Tent Camp es una verdadera celebraci\u00f3n de la cocina costarricense, con un enfoque en ingredientes locales frescos que se seleccionan cuidadosamente para resaltar los sabores aut\u00e9nticos de la regi\u00f3n. Dise\u00f1ado con materiales naturales que reflejan la riqueza del entorno de Hacienda Ca\u00f1o Negro, Kura ofrece [&hellip;]<\/p>\n","protected":false},"author":1,"featured_media":0,"parent":0,"menu_order":0,"comment_status":"closed","ping_status":"closed","template":"elementor_header_footer","meta":{"_acf_changed":false,"_joinchat":[],"footnotes":""},"categories":[],"tags":[],"class_list":["post-6484","page","type-page","status-publish","hentry"],"acf":[],"_links":{"self":[{"href":"https:\/\/www.tocutentcamp.com\/es\/wp-json\/wp\/v2\/pages\/6484","targetHints":{"allow":["GET"]}}],"collection":[{"href":"https:\/\/www.tocutentcamp.com\/es\/wp-json\/wp\/v2\/pages"}],"about":[{"href":"https:\/\/www.tocutentcamp.com\/es\/wp-json\/wp\/v2\/types\/page"}],"author":[{"embeddable":true,"href":"https:\/\/www.tocutentcamp.com\/es\/wp-json\/wp\/v2\/users\/1"}],"replies":[{"embeddable":true,"href":"https:\/\/www.tocutentcamp.com\/es\/wp-json\/wp\/v2\/comments?post=6484"}],"version-history":[{"count":31,"href":"https:\/\/www.tocutentcamp.com\/es\/wp-json\/wp\/v2\/pages\/6484\/revisions"}],"predecessor-version":[{"id":7611,"href":"https:\/\/www.tocutentcamp.com\/es\/wp-json\/wp\/v2\/pages\/6484\/revisions\/7611"}],"wp:attachment":[{"href":"https:\/\/www.tocutentcamp.com\/es\/wp-json\/wp\/v2\/media?parent=6484"}],"wp:term":[{"taxonomy":"category","embeddable":true,"href":"https:\/\/www.tocutentcamp.com\/es\/wp-json\/wp\/v2\/categories?post=6484"},{"taxonomy":"post_tag","embeddable":true,"href":"https:\/\/www.tocutentcamp.com\/es\/wp-json\/wp\/v2\/tags?post=6484"}],"curies":[{"name":"wp","href":"https:\/\/api.w.org\/{rel}","templated":true}]}}